{"id":3699,"date":"2024-09-25T09:11:44","date_gmt":"2024-09-25T09:11:44","guid":{"rendered":"https:\/\/themewant.com\/products\/wordpress\/saafiy\/?page_id=3699"},"modified":"2025-06-09T17:31:48","modified_gmt":"2025-06-09T17:31:48","slug":"terms-of-use","status":"publish","type":"page","link":"https:\/\/ancodinconsulting.com\/?page_id=3699","title":{"rendered":"Terms of Use"},"content":{"rendered":"\t\t<div data-elementor-type=\"wp-page\" data-elementor-id=\"3699\" class=\"elementor elementor-3699\">\n\t\t\t\t<div class=\"elementor-element elementor-element-4993c19d e-flex e-con-boxed rt-default-class e-con e-parent\" data-id=\"4993c19d\" data-element_type=\"container\">\n\t\t\t\t\t<div class=\"e-con-inner\">\n\t\t\t\t<div class=\"elementor-element elementor-element-19a661f2 rt-default-class elementor-widget elementor-widget-text-editor\" data-id=\"19a661f2\" data-element_type=\"widget\" data-widget_type=\"text-editor.default\">\n\t\t\t\t<div class=\"elementor-widget-container\">\n\t\t\t\t\t\t\t\t\t<h3 style=\"margin-bottom: 10px; font-size: 26px; font-weight: bold; font-family: var(--font-primary); color: var(--color-title);\">Conditions d\u2019utilisation<\/h3>\n<p style=\"margin-top: 0;\">Les pr\u00e9sentes conditions g\u00e9n\u00e9rales d\u2019utilisation r\u00e9gissent l\u2019acc\u00e8s et l\u2019utilisation du site www.ancodinconsulting.com, propri\u00e9t\u00e9 de la soci\u00e9t\u00e9 Ancodin Consulting.<\/p>\n<!-- \/wp:paragraph -->\n\n<!-- wp:heading {\"level\":3} -->\n<h3 style=\"margin-bottom: 6px;\">1. Objet<\/h3>\n<!-- \/wp:heading -->\n<!-- wp:paragraph -->\n<p style=\"margin-top: 0;\">Les pr\u00e9sentes conditions d\u00e9finissent les r\u00e8gles d\u2019acc\u00e8s et d\u2019utilisation du site par les utilisateurs.<\/p>\n<!-- \/wp:paragraph -->\n\n<!-- wp:heading {\"level\":3} -->\n<h3 style=\"margin-bottom: 6px;\">2. Acceptation<\/h3>\n<!-- \/wp:heading -->\n<!-- wp:paragraph -->\n<p style=\"margin-top: 0;\">L\u2019utilisation du site implique l\u2019acceptation pleine et enti\u00e8re des pr\u00e9sentes conditions g\u00e9n\u00e9rales d\u2019utilisation.<\/p>\n<!-- \/wp:paragraph -->\n\n<!-- wp:heading {\"level\":3} -->\n<h3 style=\"margin-bottom: 6px;\">3. Acc\u00e8s au site<\/h3>\n<!-- \/wp:heading -->\n<!-- wp:paragraph -->\n<p style=\"margin-top: 0;\">Le site est accessible 24h\/24, 7j\/7, sauf interruption pour maintenance ou cas de force majeure.<\/p>\n<!-- \/wp:paragraph -->\n\n<!-- wp:heading {\"level\":3} -->\n<h3 style=\"margin-bottom: 6px;\">4. Propri\u00e9t\u00e9 intellectuelle<\/h3>\n<!-- \/wp:heading -->\n<!-- wp:paragraph -->\n<p style=\"margin-top: 0;\">Tous les contenus pr\u00e9sents sur le site sont la propri\u00e9t\u00e9 exclusive d\u2019Ancodin Consulting. Toute reproduction est interdite sans autorisation pr\u00e9alable.<\/p>\n<!-- \/wp:paragraph -->\n\n<!-- wp:heading {\"level\":3} -->\n<h3 style=\"margin-bottom: 6px;\">5. Utilisation du site<\/h3>\n<!-- \/wp:heading -->\n<!-- wp:paragraph -->\n<p style=\"margin-top: 0;\">L\u2019utilisateur s\u2019engage \u00e0 utiliser le site dans le respect des lois en vigueur et \u00e0 ne pas porter atteinte aux droits de tiers.<\/p>\n<!-- \/wp:paragraph -->\n\n<!-- wp:heading {\"level\":3} -->\n<h3 style=\"margin-bottom: 6px;\">6. Donn\u00e9es personnelles<\/h3>\n<!-- \/wp:heading -->\n<!-- wp:paragraph -->\n<p style=\"margin-top: 0;\">Des donn\u00e9es peuvent \u00eatre collect\u00e9es via les formulaires. Elles sont trait\u00e9es conform\u00e9ment au RGPD.<\/p>\n<!-- \/wp:paragraph -->\n\n<!-- wp:heading {\"level\":3} -->\n<h3 style=\"margin-bottom: 6px;\">7. Liens externes<\/h3>\n<!-- \/wp:heading -->\n<!-- wp:paragraph -->\n<p style=\"margin-top: 0;\">Le site peut contenir des liens vers d\u2019autres sites. Ancodin Consulting n\u2019est pas responsable de leur contenu.<\/p>\n<!-- \/wp:paragraph -->\n\n<!-- wp:heading {\"level\":3} -->\n<h3 style=\"margin-bottom: 6px;\">8. Responsabilit\u00e9<\/h3>\n<!-- \/wp:heading -->\n<!-- wp:paragraph -->\n<p style=\"margin-top: 0;\">Ancodin Consulting s\u2019efforce d\u2019assurer l\u2019exactitude des informations, mais ne peut \u00eatre tenue responsable d\u2019erreurs ou d\u2019omissions.<\/p>\n<!-- \/wp:paragraph -->\n\n<!-- wp:heading {\"level\":3} -->\n<h3 style=\"margin-bottom: 6px;\">9. Modifications<\/h3>\n<!-- \/wp:heading -->\n<!-- wp:paragraph -->\n<p style=\"margin-top: 0;\">Ancodin Consulting se r\u00e9serve le droit de modifier les pr\u00e9sentes conditions \u00e0 tout moment.<\/p>\n<!-- \/wp:paragraph -->\n\n<!-- wp:heading {\"level\":3} -->\n<h3 style=\"margin-bottom: 6px;\">10. Loi applicable<\/h3>\n<!-- \/wp:heading -->\n<!-- wp:paragraph -->\n<p style=\"margin-top: 0;\">Les pr\u00e9sentes conditions sont soumises au droit marocain. En cas de litige, seuls les tribunaux de Casablanca sont comp\u00e9tents.<\/p>\n<!-- \/wp:paragraph -->\t\t\t\t\t\t\t\t<\/div>\n\t\t\t\t<\/div>\n\t\t\t\t\t<\/div>\n\t\t\t\t<\/div>\n\t\t\t\t<\/div>\n\t\t","protected":false},"excerpt":{"rendered":"<p>Conditions d\u2019utilisation Les pr\u00e9sentes conditions g\u00e9n\u00e9rales d\u2019utilisation r\u00e9gissent l\u2019acc\u00e8s et l\u2019utilisation du site www.ancodinconsulting.com, propri\u00e9t\u00e9 de la soci\u00e9t\u00e9 Ancodin Consulting. 1. Objet Les pr\u00e9sentes conditions d\u00e9finissent les r\u00e8gles d\u2019acc\u00e8s et d\u2019utilisation du site par les utilisateurs. 2. Acceptation L\u2019utilisation du site implique l\u2019acceptation pleine et enti\u00e8re des pr\u00e9sentes conditions g\u00e9n\u00e9rales d\u2019utilisation. 3. Acc\u00e8s au site&#8230;<\/p>\n","protected":false},"author":1,"featured_media":0,"parent":0,"menu_order":0,"comment_status":"closed","ping_status":"closed","template":"","meta":{"_monsterinsights_skip_tracking":false,"_monsterinsights_sitenote_active":false,"_monsterinsights_sitenote_note":"","_monsterinsights_sitenote_category":0,"footnotes":""},"class_list":["post-3699","page","type-page","status-publish","hentry"],"aioseo_notices":[],"_links":{"self":[{"href":"https:\/\/ancodinconsulting.com\/index.php?rest_route=\/wp\/v2\/pages\/3699","targetHints":{"allow":["GET"]}}],"collection":[{"href":"https:\/\/ancodinconsulting.com\/index.php?rest_route=\/wp\/v2\/pages"}],"about":[{"href":"https:\/\/ancodinconsulting.com\/index.php?rest_route=\/wp\/v2\/types\/page"}],"author":[{"embeddable":true,"href":"https:\/\/ancodinconsulting.com\/index.php?rest_route=\/wp\/v2\/users\/1"}],"replies":[{"embeddable":true,"href":"https:\/\/ancodinconsulting.com\/index.php?rest_route=%2Fwp%2Fv2%2Fcomments&post=3699"}],"version-history":[{"count":3,"href":"https:\/\/ancodinconsulting.com\/index.php?rest_route=\/wp\/v2\/pages\/3699\/revisions"}],"predecessor-version":[{"id":5443,"href":"https:\/\/ancodinconsulting.com\/index.php?rest_route=\/wp\/v2\/pages\/3699\/revisions\/5443"}],"wp:attachment":[{"href":"https:\/\/ancodinconsulting.com\/index.php?rest_route=%2Fwp%2Fv2%2Fmedia&parent=3699"}],"curies":[{"name":"wp","href":"https:\/\/api.w.org\/{rel}","templated":true}]}}