{"id":5060,"date":"2024-10-22T09:43:09","date_gmt":"2024-10-22T09:43:09","guid":{"rendered":"https:\/\/themewant.com\/products\/wordpress\/saafiy\/cloud\/?page_id=5060"},"modified":"2025-06-11T17:20:22","modified_gmt":"2025-06-11T16:20:22","slug":"about-us","status":"publish","type":"page","link":"https:\/\/ancodinconsulting.com\/?page_id=5060","title":{"rendered":"About Us"},"content":{"rendered":"\t\t<div data-elementor-type=\"wp-page\" data-elementor-id=\"5060\" class=\"elementor elementor-5060\">\n\t\t\t\t<div class=\"elementor-element elementor-element-f1ebff2 e-flex e-con-boxed rt-default-class elementor-invisible e-con e-parent\" data-id=\"f1ebff2\" data-element_type=\"container\" data-settings=\"{&quot;background_background&quot;:&quot;classic&quot;,&quot;animation&quot;:&quot;fadeIn&quot;}\">\n\t\t\t\t\t<div class=\"e-con-inner\">\n\t\t<div class=\"elementor-element elementor-element-ab9b6ee e-con-full e-flex rt-default-class e-con e-child\" data-id=\"ab9b6ee\" data-element_type=\"container\">\n\t\t\t\t<div class=\"elementor-element elementor-element-a0197a4 rt-default-class elementor-widget elementor-widget-image\" data-id=\"a0197a4\" data-element_type=\"widget\" data-widget_type=\"image.default\">\n\t\t\t\t<div class=\"elementor-widget-container\">\n\t\t\t\t\t\t\t\t\t\t\t\t\t\t\t<img fetchpriority=\"high\" decoding=\"async\" width=\"1016\" height=\"981\" src=\"https:\/\/ancodinconsulting.com\/wp-content\/uploads\/2024\/10\/frame-2.webp\" class=\"attachment-full size-full wp-image-5011\" alt=\"\" srcset=\"https:\/\/ancodinconsulting.com\/wp-content\/uploads\/2024\/10\/frame-2.webp 1016w, https:\/\/ancodinconsulting.com\/wp-content\/uploads\/2024\/10\/frame-2-300x290.webp 300w, https:\/\/ancodinconsulting.com\/wp-content\/uploads\/2024\/10\/frame-2-768x742.webp 768w\" sizes=\"(max-width: 1016px) 100vw, 1016px\" \/>\t\t\t\t\t\t\t\t\t\t\t\t\t\t\t<\/div>\n\t\t\t\t<\/div>\n\t\t<div class=\"elementor-element elementor-element-8d126d0 e-con-full e-flex rt-default-class e-con e-child\" data-id=\"8d126d0\" data-element_type=\"container\">\n\t\t\t\t<div class=\"elementor-element elementor-element-a9beef0 rt-default-class elementor-widget elementor-widget-heading\" data-id=\"a9beef0\" data-element_type=\"widget\" data-widget_type=\"heading.default\">\n\t\t\t\t<div class=\"elementor-widget-container\">\n\t\t\t\t\t<h1 class=\"elementor-heading-title elementor-size-default\">Vos projets digitaux, s\u00e9curis\u00e9s de bout en bout\u200b<\/h1>\t\t\t\t<\/div>\n\t\t\t\t<\/div>\n\t\t\t\t<div class=\"elementor-element elementor-element-b4e3012 rt-default-class elementor-widget elementor-widget-text-editor\" data-id=\"b4e3012\" data-element_type=\"widget\" data-widget_type=\"text-editor.default\">\n\t\t\t\t<div class=\"elementor-widget-container\">\n\t\t\t\t\t\t\t\t\t<p>Chez Ancodin Consulting, chaque site web, application m\u00e9tier ou plateforme SaaS est con\u00e7u en secure-by-design :<br \/>\u2022 Chiffrement des donn\u00e9es at-rest &amp; in-transit<br \/>\u2022 H\u00e9bergement HA (High Availability) dans des data centers Tier 4<br \/>\u2022 CI\/CD avec code review syst\u00e9matique et tests automatis\u00e9s<br \/>\u2022 Conformit\u00e9 GDPR et meilleures pratiques OWASP R\u00e9sultat : des applications jusqu\u2019\u00e0 35\u00d7 plus rapides et 70 % moins co\u00fbteuses qu\u2019une stack legacy, tout en garantissant la confidentialit\u00e9 de vos donn\u00e9es.<\/p>\t\t\t\t\t\t\t\t<\/div>\n\t\t\t\t<\/div>\n\t\t\t\t<div class=\"elementor-element elementor-element-c3cfd5b rt-default-class elementor-widget elementor-widget-react-button\" data-id=\"c3cfd5b\" data-element_type=\"widget\" data-widget_type=\"react-button.default\">\n\t\t\t\t<div class=\"elementor-widget-container\">\n\t\t\t\t\t\t\r\n\t\t\t\t\t<a aria-label=\"button\" class=\"react_button second\" href=\"https:\/\/ancodinconsulting.com\/?page_id=2923\">\t\r\n\t\t\t\tObtenir mon audit gratuit\t\t\t\t\t\t\t<\/a>\t\t\t\r\n\t\t\t\r\n\t\t\t\t\t<\/div>\n\t\t\t\t<\/div>\n\t\t\t\t<\/div>\n\t\t\t\t<\/div>\n\t\t<div class=\"elementor-element elementor-element-5d7542e e-con-full e-flex rt-default-class e-con e-child\" data-id=\"5d7542e\" data-element_type=\"container\">\n\t\t\t\t<div class=\"elementor-element elementor-element-e2da5a9 rt-default-class elementor-widget elementor-widget-counter\" data-id=\"e2da5a9\" data-element_type=\"widget\" data-widget_type=\"counter.default\">\n\t\t\t\t<div class=\"elementor-widget-container\">\n\t\t\t\t\t\t\t<div class=\"elementor-counter\">\n\t\t\t<div class=\"elementor-counter-title\">Taux de disponibilit\u00e9<\/div>\t\t\t<div class=\"elementor-counter-number-wrapper\">\n\t\t\t\t<span class=\"elementor-counter-number-prefix\"><\/span>\n\t\t\t\t<span class=\"elementor-counter-number\" data-duration=\"2000\" data-to-value=\"99\" data-from-value=\"0\" data-delimiter=\",\">0<\/span>\n\t\t\t\t<span class=\"elementor-counter-number-suffix\">%<\/span>\n\t\t\t<\/div>\n\t\t<\/div>\n\t\t\t\t\t\t<\/div>\n\t\t\t\t<\/div>\n\t\t\t\t<div class=\"elementor-element elementor-element-66bbc9b rt-default-class elementor-widget elementor-widget-counter\" data-id=\"66bbc9b\" data-element_type=\"widget\" data-widget_type=\"counter.default\">\n\t\t\t\t<div class=\"elementor-widget-container\">\n\t\t\t\t\t\t\t<div class=\"elementor-counter\">\n\t\t\t<div class=\"elementor-counter-title\">Lignes de code<\/div>\t\t\t<div class=\"elementor-counter-number-wrapper\">\n\t\t\t\t<span class=\"elementor-counter-number-prefix\"><\/span>\n\t\t\t\t<span class=\"elementor-counter-number\" data-duration=\"2000\" data-to-value=\"700\" data-from-value=\"0\" data-delimiter=\",\">0<\/span>\n\t\t\t\t<span class=\"elementor-counter-number-suffix\">K<\/span>\n\t\t\t<\/div>\n\t\t<\/div>\n\t\t\t\t\t\t<\/div>\n\t\t\t\t<\/div>\n\t\t\t\t<div class=\"elementor-element elementor-element-f10416e rt-default-class elementor-widget elementor-widget-counter\" data-id=\"f10416e\" data-element_type=\"widget\" data-widget_type=\"counter.default\">\n\t\t\t\t<div class=\"elementor-widget-container\">\n\t\t\t\t\t\t\t<div class=\"elementor-counter\">\n\t\t\t<div class=\"elementor-counter-title\">Technologies ma\u00eetris\u00e9es<\/div>\t\t\t<div class=\"elementor-counter-number-wrapper\">\n\t\t\t\t<span class=\"elementor-counter-number-prefix\"><\/span>\n\t\t\t\t<span class=\"elementor-counter-number\" data-duration=\"2000\" data-to-value=\"8\" data-from-value=\"0\" data-delimiter=\",\">0<\/span>\n\t\t\t\t<span class=\"elementor-counter-number-suffix\">+<\/span>\n\t\t\t<\/div>\n\t\t<\/div>\n\t\t\t\t\t\t<\/div>\n\t\t\t\t<\/div>\n\t\t\t\t<div class=\"elementor-element elementor-element-28b4b17 rt-default-class elementor-widget elementor-widget-counter\" data-id=\"28b4b17\" data-element_type=\"widget\" data-widget_type=\"counter.default\">\n\t\t\t\t<div class=\"elementor-widget-container\">\n\t\t\t\t\t\t\t<div class=\"elementor-counter\">\n\t\t\t<div class=\"elementor-counter-title\">Experts \u00e0 votre service<\/div>\t\t\t<div class=\"elementor-counter-number-wrapper\">\n\t\t\t\t<span class=\"elementor-counter-number-prefix\"><\/span>\n\t\t\t\t<span class=\"elementor-counter-number\" data-duration=\"2000\" data-to-value=\"5\" data-from-value=\"0\" data-delimiter=\",\">0<\/span>\n\t\t\t\t<span class=\"elementor-counter-number-suffix\"><\/span>\n\t\t\t<\/div>\n\t\t<\/div>\n\t\t\t\t\t\t<\/div>\n\t\t\t\t<\/div>\n\t\t\t\t<\/div>\n\t\t\t\t\t<\/div>\n\t\t\t\t<\/div>\n\t\t<div class=\"elementor-element elementor-element-803e5fa e-flex e-con-boxed rt-default-class e-con e-parent\" data-id=\"803e5fa\" data-element_type=\"container\" data-settings=\"{&quot;background_background&quot;:&quot;classic&quot;}\">\n\t\t\t\t\t<div class=\"e-con-inner\">\n\t\t<div class=\"elementor-element elementor-element-7187b52 e-con-full e-flex rt-default-class e-con e-child\" data-id=\"7187b52\" data-element_type=\"container\" data-settings=\"{&quot;background_background&quot;:&quot;classic&quot;}\">\n\t\t<div class=\"elementor-element elementor-element-0882b1f e-con-full elementor-hidden-mobile e-flex rt-default-class e-con e-child\" data-id=\"0882b1f\" data-element_type=\"container\">\n\t\t\t\t<\/div>\n\t\t<div class=\"elementor-element elementor-element-fac6cb0 e-con-full e-flex rt-default-class e-con e-child\" data-id=\"fac6cb0\" data-element_type=\"container\">\n\t\t\t\t<div class=\"elementor-element elementor-element-eaf5303 rt-default-class elementor-widget elementor-widget-text-editor\" data-id=\"eaf5303\" data-element_type=\"widget\" data-widget_type=\"text-editor.default\">\n\t\t\t\t<div class=\"elementor-widget-container\">\n\t\t\t\t\t\t\t\t\t<p>Ancodin Consulting nous a accompagn\u00e9s avec rigueur et r\u00e9activit\u00e9. Leur solution r\u00e9pond parfaitement \u00e0 nos enjeux m\u00e9tier.<\/p>\t\t\t\t\t\t\t\t<\/div>\n\t\t\t\t<\/div>\n\t\t<div class=\"elementor-element elementor-element-6921d0f e-con-full e-flex rt-default-class e-con e-child\" data-id=\"6921d0f\" data-element_type=\"container\">\n\t\t<div class=\"elementor-element elementor-element-615347c e-con-full e-flex rt-default-class e-con e-child\" data-id=\"615347c\" data-element_type=\"container\">\n\t\t\t\t<div class=\"elementor-element elementor-element-b1093b7 rt-default-class elementor-widget elementor-widget-heading\" data-id=\"b1093b7\" data-element_type=\"widget\" data-widget_type=\"heading.default\">\n\t\t\t\t<div class=\"elementor-widget-container\">\n\t\t\t\t\t<span class=\"elementor-heading-title elementor-size-default\">Nabil<\/span>\t\t\t\t<\/div>\n\t\t\t\t<\/div>\n\t\t\t\t<div class=\"elementor-element elementor-element-a37450e rt-default-class elementor-widget elementor-widget-heading\" data-id=\"a37450e\" data-element_type=\"widget\" data-widget_type=\"heading.default\">\n\t\t\t\t<div class=\"elementor-widget-container\">\n\t\t\t\t\t<p class=\"elementor-heading-title elementor-size-default\">Responsable produit<\/p>\t\t\t\t<\/div>\n\t\t\t\t<\/div>\n\t\t\t\t<\/div>\n\t\t\t\t<div class=\"elementor-element elementor-element-1f9c241 rt-default-class elementor-widget elementor-widget-image\" data-id=\"1f9c241\" data-element_type=\"widget\" data-widget_type=\"image.default\">\n\t\t\t\t<div class=\"elementor-widget-container\">\n\t\t\t\t\t\t\t\t\t\t\t\t\t\t\t<img decoding=\"async\" width=\"76\" height=\"68\" src=\"https:\/\/ancodinconsulting.com\/wp-content\/uploads\/2024\/10\/Group-1000003246-1.svg\" class=\"attachment-large size-large wp-image-5031\" alt=\"\" \/>\t\t\t\t\t\t\t\t\t\t\t\t\t\t\t<\/div>\n\t\t\t\t<\/div>\n\t\t\t\t<\/div>\n\t\t\t\t<\/div>\n\t\t\t\t<\/div>\n\t\t\t\t\t<\/div>\n\t\t\t\t<\/div>\n\t\t<div class=\"elementor-element elementor-element-b83ed3f e-flex e-con-boxed rt-default-class e-con e-parent\" data-id=\"b83ed3f\" data-element_type=\"container\">\n\t\t\t\t\t<div class=\"e-con-inner\">\n\t\t<div class=\"elementor-element elementor-element-9e55bb9 e-con-full e-flex rt-default-class e-con e-child\" data-id=\"9e55bb9\" data-element_type=\"container\" data-settings=\"{&quot;background_background&quot;:&quot;classic&quot;}\">\n\t\t\t\t<div class=\"elementor-element elementor-element-73d3e9a rt-default-class elementor-invisible elementor-widget elementor-widget-heading\" data-id=\"73d3e9a\" data-element_type=\"widget\" data-settings=\"{&quot;_animation&quot;:&quot;fadeInUp&quot;}\" data-widget_type=\"heading.default\">\n\t\t\t\t<div class=\"elementor-widget-container\">\n\t\t\t\t\t<h1 class=\"elementor-heading-title elementor-size-default\">Nos expertises cl\u00e9s<\/h1>\t\t\t\t<\/div>\n\t\t\t\t<\/div>\n\t\t<div class=\"elementor-element elementor-element-9d8c85d e-con-full e-grid rt-default-class e-con e-child\" data-id=\"9d8c85d\" data-element_type=\"container\">\n\t\t<div class=\"elementor-element elementor-element-7f16055 e-con-full e-flex rt-default-class elementor-invisible e-con e-child\" data-id=\"7f16055\" data-element_type=\"container\" data-settings=\"{&quot;background_background&quot;:&quot;gradient&quot;,&quot;animation&quot;:&quot;fadeInRight&quot;}\">\n\t\t\t\t<div class=\"elementor-element elementor-element-246932c elementor-view-default rt-default-class elementor-widget elementor-widget-icon\" data-id=\"246932c\" data-element_type=\"widget\" data-widget_type=\"icon.default\">\n\t\t\t\t<div class=\"elementor-widget-container\">\n\t\t\t\t\t\t\t<div class=\"elementor-icon-wrapper\">\n\t\t\t<div class=\"elementor-icon\">\n\t\t\t<svg aria-hidden=\"true\" class=\"e-font-icon-svg e-fas-tools\" viewBox=\"0 0 512 512\" xmlns=\"http:\/\/www.w3.org\/2000\/svg\"><path d=\"M501.1 395.7L384 278.6c-23.1-23.1-57.6-27.6-85.4-13.9L192 158.1V96L64 0 0 64l96 128h62.1l106.6 106.6c-13.6 27.8-9.2 62.3 13.9 85.4l117.1 117.1c14.6 14.6 38.2 14.6 52.7 0l52.7-52.7c14.5-14.6 14.5-38.2 0-52.7zM331.7 225c28.3 0 54.9 11 74.9 31l19.4 19.4c15.8-6.9 30.8-16.5 43.8-29.5 37.1-37.1 49.7-89.3 37.9-136.7-2.2-9-13.5-12.1-20.1-5.5l-74.4 74.4-67.9-11.3L334 98.9l74.4-74.4c6.6-6.6 3.4-17.9-5.7-20.2-47.4-11.7-99.6.9-136.6 37.9-28.5 28.5-41.9 66.1-41.2 103.6l82.1 82.1c8.1-1.9 16.5-2.9 24.7-2.9zm-103.9 82l-56.7-56.7L18.7 402.8c-25 25-25 65.5 0 90.5s65.5 25 90.5 0l123.6-123.6c-7.6-19.9-9.9-41.6-5-62.7zM64 472c-13.2 0-24-10.8-24-24 0-13.3 10.7-24 24-24s24 10.7 24 24c0 13.2-10.7 24-24 24z\"><\/path><\/svg>\t\t\t<\/div>\n\t\t<\/div>\n\t\t\t\t\t\t<\/div>\n\t\t\t\t<\/div>\n\t\t\t\t<div class=\"elementor-element elementor-element-b537249 elementor-widget__width-initial elementor-widget-tablet__width-inherit rt-default-class elementor-widget elementor-widget-heading\" data-id=\"b537249\" data-element_type=\"widget\" data-widget_type=\"heading.default\">\n\t\t\t\t<div class=\"elementor-widget-container\">\n\t\t\t\t\t<h2 class=\"elementor-heading-title elementor-size-default\"><a href=\"#\">D\u00e9veloppement sur mesure<\/a><\/h2>\t\t\t\t<\/div>\n\t\t\t\t<\/div>\n\t\t\t\t<div class=\"elementor-element elementor-element-30ce93c rt-default-class elementor-widget elementor-widget-text-editor\" data-id=\"30ce93c\" data-element_type=\"widget\" data-widget_type=\"text-editor.default\">\n\t\t\t\t<div class=\"elementor-widget-container\">\n\t\t\t\t\t\t\t\t\t<p class=\"p1\">Applications web, SaaS et outils m\u00e9tier con\u00e7us selon vos besoins sp\u00e9cifiques, avec une architecture scalable et s\u00e9curis\u00e9e.<\/p>\t\t\t\t\t\t\t\t<\/div>\n\t\t\t\t<\/div>\n\t\t\t\t<\/div>\n\t\t<div class=\"elementor-element elementor-element-0dde062 e-con-full e-flex rt-default-class elementor-invisible e-con e-child\" data-id=\"0dde062\" data-element_type=\"container\" data-settings=\"{&quot;background_background&quot;:&quot;gradient&quot;,&quot;animation&quot;:&quot;fadeInRight&quot;,&quot;animation_delay&quot;:200}\">\n\t\t\t\t<div class=\"elementor-element elementor-element-136df1f elementor-view-default rt-default-class elementor-widget elementor-widget-icon\" data-id=\"136df1f\" data-element_type=\"widget\" data-widget_type=\"icon.default\">\n\t\t\t\t<div class=\"elementor-widget-container\">\n\t\t\t\t\t\t\t<div class=\"elementor-icon-wrapper\">\n\t\t\t<div class=\"elementor-icon\">\n\t\t\t<svg aria-hidden=\"true\" class=\"e-font-icon-svg e-fas-bolt\" viewBox=\"0 0 320 512\" xmlns=\"http:\/\/www.w3.org\/2000\/svg\"><path d=\"M296 160H180.6l42.6-129.8C227.2 15 215.7 0 200 0H56C44 0 33.8 8.9 32.2 20.8l-32 240C-1.7 275.2 9.5 288 24 288h118.7L96.6 482.5c-3.6 15.2 8 29.5 23.3 29.5 8.4 0 16.4-4.4 20.8-12l176-304c9.3-15.9-2.2-36-20.7-36z\"><\/path><\/svg>\t\t\t<\/div>\n\t\t<\/div>\n\t\t\t\t\t\t<\/div>\n\t\t\t\t<\/div>\n\t\t\t\t<div class=\"elementor-element elementor-element-682ec69 elementor-widget__width-initial elementor-widget-tablet__width-inherit rt-default-class elementor-widget elementor-widget-heading\" data-id=\"682ec69\" data-element_type=\"widget\" data-widget_type=\"heading.default\">\n\t\t\t\t<div class=\"elementor-widget-container\">\n\t\t\t\t\t<h2 class=\"elementor-heading-title elementor-size-default\"><a href=\"#\">Exp\u00e9rience utilisateur &amp; performance<\/a><\/h2>\t\t\t\t<\/div>\n\t\t\t\t<\/div>\n\t\t\t\t<div class=\"elementor-element elementor-element-293fdf8 rt-default-class elementor-widget elementor-widget-text-editor\" data-id=\"293fdf8\" data-element_type=\"widget\" data-widget_type=\"text-editor.default\">\n\t\t\t\t<div class=\"elementor-widget-container\">\n\t\t\t\t\t\t\t\t\t<p class=\"p1\">Interfaces fluides, chargement rapide et compatibilit\u00e9 mobile : nous pla\u00e7ons l\u2019utilisateur au centre de chaque projet.<\/p>\t\t\t\t\t\t\t\t<\/div>\n\t\t\t\t<\/div>\n\t\t\t\t<\/div>\n\t\t<div class=\"elementor-element elementor-element-8409104 e-con-full e-flex rt-default-class elementor-invisible e-con e-child\" data-id=\"8409104\" data-element_type=\"container\" data-settings=\"{&quot;background_background&quot;:&quot;gradient&quot;,&quot;animation&quot;:&quot;fadeInRight&quot;,&quot;animation_delay&quot;:400}\">\n\t\t\t\t<div class=\"elementor-element elementor-element-8e21480 elementor-view-default rt-default-class elementor-widget elementor-widget-icon\" data-id=\"8e21480\" data-element_type=\"widget\" data-widget_type=\"icon.default\">\n\t\t\t\t<div class=\"elementor-widget-container\">\n\t\t\t\t\t\t\t<div class=\"elementor-icon-wrapper\">\n\t\t\t<div class=\"elementor-icon\">\n\t\t\t<svg aria-hidden=\"true\" class=\"e-font-icon-svg e-fas-sync-alt\" viewBox=\"0 0 512 512\" xmlns=\"http:\/\/www.w3.org\/2000\/svg\"><path d=\"M370.72 133.28C339.458 104.008 298.888 87.962 255.848 88c-77.458.068-144.328 53.178-162.791 126.85-1.344 5.363-6.122 9.15-11.651 9.15H24.103c-7.498 0-13.194-6.807-11.807-14.176C33.933 94.924 134.813 8 256 8c66.448 0 126.791 26.136 171.315 68.685L463.03 40.97C478.149 25.851 504 36.559 504 57.941V192c0 13.255-10.745 24-24 24H345.941c-21.382 0-32.09-25.851-16.971-40.971l41.75-41.749zM32 296h134.059c21.382 0 32.09 25.851 16.971 40.971l-41.75 41.75c31.262 29.273 71.835 45.319 114.876 45.28 77.418-.07 144.315-53.144 162.787-126.849 1.344-5.363 6.122-9.15 11.651-9.15h57.304c7.498 0 13.194 6.807 11.807 14.176C478.067 417.076 377.187 504 256 504c-66.448 0-126.791-26.136-171.315-68.685L48.97 471.03C33.851 486.149 8 475.441 8 454.059V320c0-13.255 10.745-24 24-24z\"><\/path><\/svg>\t\t\t<\/div>\n\t\t<\/div>\n\t\t\t\t\t\t<\/div>\n\t\t\t\t<\/div>\n\t\t\t\t<div class=\"elementor-element elementor-element-3140d38 elementor-widget__width-initial elementor-widget-tablet__width-inherit rt-default-class elementor-widget elementor-widget-heading\" data-id=\"3140d38\" data-element_type=\"widget\" data-widget_type=\"heading.default\">\n\t\t\t\t<div class=\"elementor-widget-container\">\n\t\t\t\t\t<h2 class=\"elementor-heading-title elementor-size-default\"><a href=\"#\">Maintenance &amp; \u00e9volutivit\u00e9<\/a><\/h2>\t\t\t\t<\/div>\n\t\t\t\t<\/div>\n\t\t\t\t<div class=\"elementor-element elementor-element-ca119cb rt-default-class elementor-widget elementor-widget-text-editor\" data-id=\"ca119cb\" data-element_type=\"widget\" data-widget_type=\"text-editor.default\">\n\t\t\t\t<div class=\"elementor-widget-container\">\n\t\t\t\t\t\t\t\t\t<p class=\"p1\">Suivi technique, corrections, nouvelles fonctionnalit\u00e9s et accompagnement long terme pour faire \u00e9voluer vos solutions.<\/p>\t\t\t\t\t\t\t\t<\/div>\n\t\t\t\t<\/div>\n\t\t\t\t<\/div>\n\t\t\t\t<\/div>\n\t\t\t\t<\/div>\n\t\t\t\t\t<\/div>\n\t\t\t\t<\/div>\n\t\t<div class=\"elementor-element elementor-element-914b11c e-flex e-con-boxed rt-default-class e-con e-parent\" data-id=\"914b11c\" data-element_type=\"container\">\n\t\t\t\t\t<div class=\"e-con-inner\">\n\t\t<div class=\"elementor-element elementor-element-88a2958 e-con-full e-flex rt-default-class e-con e-child\" data-id=\"88a2958\" data-element_type=\"container\" data-settings=\"{&quot;background_background&quot;:&quot;classic&quot;}\">\n\t\t<div class=\"elementor-element elementor-element-167d7ff e-flex e-con-boxed rt-default-class e-con e-child\" data-id=\"167d7ff\" data-element_type=\"container\">\n\t\t\t\t\t<div class=\"e-con-inner\">\n\t\t\t\t<div class=\"elementor-element elementor-element-5043e08 elementor-widget__width-initial animated-slow rt-default-class elementor-invisible elementor-widget elementor-widget-heading\" data-id=\"5043e08\" data-element_type=\"widget\" data-settings=\"{&quot;_animation&quot;:&quot;fadeInUp&quot;}\" data-widget_type=\"heading.default\">\n\t\t\t\t<div class=\"elementor-widget-container\">\n\t\t\t\t\t<h1 class=\"elementor-heading-title elementor-size-default\">Pr\u00eat \u00e0 faire \u00e9voluer votre projet ?<\/h1>\t\t\t\t<\/div>\n\t\t\t\t<\/div>\n\t\t\t\t<div class=\"elementor-element elementor-element-504643c animated-slow elementor-widget__width-initial rt-default-class elementor-invisible elementor-widget elementor-widget-text-editor\" data-id=\"504643c\" data-element_type=\"widget\" data-settings=\"{&quot;_animation&quot;:&quot;fadeInUp&quot;}\" data-widget_type=\"text-editor.default\">\n\t\t\t\t<div class=\"elementor-widget-container\">\n\t\t\t\t\t\t\t\t\tD\u00e9couvrez comment Ancodin Consulting peut transformer vos id\u00e9es en solutions concr\u00e8tes, rapides et sur mesure.\t\t\t\t\t\t\t\t<\/div>\n\t\t\t\t<\/div>\n\t\t<div class=\"elementor-element elementor-element-4535b84 e-con-full e-flex rt-default-class e-con e-child\" data-id=\"4535b84\" data-element_type=\"container\">\n\t\t\t\t<div class=\"elementor-element elementor-element-cec3a97 rt-default-class elementor-widget elementor-widget-react-button\" data-id=\"cec3a97\" data-element_type=\"widget\" data-widget_type=\"react-button.default\">\n\t\t\t\t<div class=\"elementor-widget-container\">\n\t\t\t\t\t\t\r\n\t\t\t\t\t<a aria-label=\"button\" class=\"react_button second\" href=\"https:\/\/ancodinconsulting.com\/?page_id=2923\">\t\r\n\t\t\t\tContactez-nous\t\t\t\t\t\t\t<\/a>\t\t\t\r\n\t\t\t\r\n\t\t\t\t\t<\/div>\n\t\t\t\t<\/div>\n\t\t\t\t<\/div>\n\t\t\t\t\t<\/div>\n\t\t\t\t<\/div>\n\t\t\t\t<\/div>\n\t\t\t\t\t<\/div>\n\t\t\t\t<\/div>\n\t\t\t\t<\/div>\n\t\t","protected":false},"excerpt":{"rendered":"<p>Vos projets digitaux, s\u00e9curis\u00e9s de bout en bout\u200b Chez Ancodin Consulting, chaque site web, application m\u00e9tier ou plateforme SaaS est con\u00e7u en secure-by-design :\u2022 Chiffrement des donn\u00e9es at-rest &amp; in-transit\u2022 H\u00e9bergement HA (High Availability) dans des data centers Tier 4\u2022 CI\/CD avec code review syst\u00e9matique et tests automatis\u00e9s\u2022 Conformit\u00e9 GDPR et meilleures pratiques OWASP R\u00e9sultat&#8230;<\/p>\n","protected":false},"author":1,"featured_media":0,"parent":0,"menu_order":0,"comment_status":"closed","ping_status":"closed","template":"elementor_header_footer","meta":{"_monsterinsights_skip_tracking":false,"_monsterinsights_sitenote_active":false,"_monsterinsights_sitenote_note":"","_monsterinsights_sitenote_category":0,"footnotes":""},"class_list":["post-5060","page","type-page","status-publish","hentry"],"aioseo_notices":[],"_links":{"self":[{"href":"https:\/\/ancodinconsulting.com\/index.php?rest_route=\/wp\/v2\/pages\/5060","targetHints":{"allow":["GET"]}}],"collection":[{"href":"https:\/\/ancodinconsulting.com\/index.php?rest_route=\/wp\/v2\/pages"}],"about":[{"href":"https:\/\/ancodinconsulting.com\/index.php?rest_route=\/wp\/v2\/types\/page"}],"author":[{"embeddable":true,"href":"https:\/\/ancodinconsulting.com\/index.php?rest_route=\/wp\/v2\/users\/1"}],"replies":[{"embeddable":true,"href":"https:\/\/ancodinconsulting.com\/index.php?rest_route=%2Fwp%2Fv2%2Fcomments&post=5060"}],"version-history":[{"count":7,"href":"https:\/\/ancodinconsulting.com\/index.php?rest_route=\/wp\/v2\/pages\/5060\/revisions"}],"predecessor-version":[{"id":5518,"href":"https:\/\/ancodinconsulting.com\/index.php?rest_route=\/wp\/v2\/pages\/5060\/revisions\/5518"}],"wp:attachment":[{"href":"https:\/\/ancodinconsulting.com\/index.php?rest_route=%2Fwp%2Fv2%2Fmedia&parent=5060"}],"curies":[{"name":"wp","href":"https:\/\/api.w.org\/{rel}","templated":true}]}}